{"id":131,"date":"2019-04-04T13:32:03","date_gmt":"2019-04-04T11:32:03","guid":{"rendered":"http:\/\/abwasser-reinigung.com\/?page_id=131"},"modified":"2024-07-03T17:09:19","modified_gmt":"2024-07-03T15:09:19","slug":"produkte","status":"publish","type":"page","link":"http:\/\/abwasser-reinigung.com\/?page_id=131","title":{"rendered":"Produkte"},"content":{"rendered":"\n<p>Unsere fl\u00fcssigen Produkte f\u00fcr den professionellen Anwender:<\/p>\n\n\n\n<ul class=\"wp-block-list\"><li><strong><a rel=\"noreferrer noopener\" aria-label=\"atres EXodeur - mikrobiologische Kraftwerke. (\u00f6ffnet in neuem Tab)\" href=\"http:\/\/abwasser-reinigung.com\/?page_id=28\" target=\"_blank\">atres EXodeur<\/a><\/strong><a rel=\"noreferrer noopener\" aria-label=\"atres EXodeur - mikrobiologische Kraftwerke. (\u00f6ffnet in neuem Tab)\" href=\"http:\/\/abwasser-reinigung.com\/?page_id=28\" target=\"_blank\"> &#8211; mikrobiologische Kraftwerke.<\/a><ul><li>Fl\u00fcssige Formulierungen reaktiver Mikroorganismenkulturen f\u00fcr den effektiven Abbau organischer Stoffe im Abwasser \u2013 auch unter sauerstoffarmen Bedingungen.<\/li><\/ul><\/li><li><strong><a rel=\"noreferrer noopener\" aria-label=\"atres ZYmix - biochemische Katalysatoren. (\u00f6ffnet in neuem Tab)\" href=\"http:\/\/abwasser-reinigung.com\/?page_id=19\" target=\"_blank\">atres ZYmix<\/a><\/strong><a rel=\"noreferrer noopener\" aria-label=\"atres ZYmix - biochemische Katalysatoren. (\u00f6ffnet in neuem Tab)\" href=\"http:\/\/abwasser-reinigung.com\/?page_id=19\" target=\"_blank\"> &#8211; biochemische Katalysatoren.<\/a><ul><li>Fl\u00fcssige Formulierungen reaktiver Enzyme f\u00fcr den effektiven Abbau organischer Stoffe im Abwasser.<\/li><\/ul><\/li><li><strong><a href=\"http:\/\/abwasser-reinigung.com\/?page_id=26\" target=\"_blank\" rel=\"noreferrer noopener\" aria-label=\"atres c plus - essentielle Mikron\u00e4hrstoffe.   (\u00f6ffnet in neuem Tab)\">atres c plus<\/a><\/strong><a href=\"http:\/\/abwasser-reinigung.com\/?page_id=26\" target=\"_blank\" rel=\"noreferrer noopener\" aria-label=\"atres c plus - essentielle Mikron\u00e4hrstoffe.   (\u00f6ffnet in neuem Tab)\"> &#8211; essentielle Mikron\u00e4hrstoffe.  <\/a><ul><li>Fl\u00fcssige Formulierungen essentieller Spurenelemente f\u00fcr den anaeroben und aeroben Abbau organischer Stoffe im Abwasser.<\/li><\/ul><\/li><\/ul>\n\n\n\n<p><\/p>\n","protected":false},"excerpt":{"rendered":"<p>Unsere fl\u00fcssigen Produkte f\u00fcr den professionellen Anwender: atres EXodeur &#8211; mikrobiologische Kraftwerke. Fl\u00fcssige Formulierungen reaktiver Mikroorganismenkulturen f\u00fcr den effektiven Abbau organischer Stoffe im Abwasser \u2013 auch unter sauerstoffarmen Bedingungen. atres ZYmix &#8211; biochemische Katalysatoren. Fl\u00fcssige Formulierungen reaktiver Enzyme f\u00fcr den effektiven Abbau organischer Stoffe im Abwasser. atres c plus &#8211; essentielle Mikron\u00e4hrstoffe. Fl\u00fcssige Formulierungen essentieller &hellip; <a href=\"http:\/\/abwasser-reinigung.com\/?page_id=131\" class=\"more-link\"><span class=\"screen-reader-text\">\u201eProdukte\u201c<\/span> weiterlesen<\/a><\/p>\n","protected":false},"author":1,"featured_media":0,"parent":0,"menu_order":5,"comment_status":"closed","ping_status":"closed","template":"","meta":{"footnotes":""},"class_list":["post-131","page","type-page","status-publish","hentry"],"_links":{"self":[{"href":"http:\/\/abwasser-reinigung.com\/index.php?rest_route=\/wp\/v2\/pages\/131","targetHints":{"allow":["GET"]}}],"collection":[{"href":"http:\/\/abwasser-reinigung.com\/index.php?rest_route=\/wp\/v2\/pages"}],"about":[{"href":"http:\/\/abwasser-reinigung.com\/index.php?rest_route=\/wp\/v2\/types\/page"}],"author":[{"embeddable":true,"href":"http:\/\/abwasser-reinigung.com\/index.php?rest_route=\/wp\/v2\/users\/1"}],"replies":[{"embeddable":true,"href":"http:\/\/abwasser-reinigung.com\/index.php?rest_route=%2Fwp%2Fv2%2Fcomments&post=131"}],"version-history":[{"count":8,"href":"http:\/\/abwasser-reinigung.com\/index.php?rest_route=\/wp\/v2\/pages\/131\/revisions"}],"predecessor-version":[{"id":232,"href":"http:\/\/abwasser-reinigung.com\/index.php?rest_route=\/wp\/v2\/pages\/131\/revisions\/232"}],"wp:attachment":[{"href":"http:\/\/abwasser-reinigung.com\/index.php?rest_route=%2Fwp%2Fv2%2Fmedia&parent=131"}],"curies":[{"name":"wp","href":"https:\/\/api.w.org\/{rel}","templated":true}]}}