{"id":26,"date":"2019-04-03T12:11:48","date_gmt":"2019-04-03T10:11:48","guid":{"rendered":"http:\/\/abwasser-reinigung.com\/?page_id=26"},"modified":"2019-11-04T16:30:35","modified_gmt":"2019-11-04T15:30:35","slug":"c-plus","status":"publish","type":"page","link":"http:\/\/abwasser-reinigung.com\/?page_id=26","title":{"rendered":"c plus &#8211; essentielle Mikron\u00e4hrstoffe"},"content":{"rendered":"\n<p>St\u00f6rungen der Stoffwechselvorg\u00e4nge der Mikroorganismen bedeuten St\u00f6rungen im Abbau der organischen Substanzen im Abwasser oder Faulschlamm. <\/p>\n\n\n\n<p>Mit der <strong>Produktreihe atres c plus<\/strong> erhalten Sie fl\u00fcssige Formulierungen essentieller Mikron\u00e4hrstoffe.<\/p>\n\n\n\n<p>Wirkung bei regelm\u00e4\u00dfiger Dosierung:<\/p>\n\n\n\n<ul class=\"wp-block-list\"><li>Verhindern den Schlammabtrieb\/Verlust von Pellets, z.B. UASB, EGSB.<\/li><li>Verbessern die Ablaufwerte,<\/li><li>Erh\u00f6hen den Biogasertrag,<\/li><li>Stabilisieren die Prozesse,<\/li><li>Reduzieren den Wartungsaufwand.<\/li><\/ul>\n\n\n\n<p>Mikrobiologische Umsetzungen erfordern neben N\u00e4hrstoffen auch Spurenelemente, d. h. Mikron\u00e4hrstoffe. Mikron\u00e4hrstoffe spielen im Stoffwechsel der Mikroorganismen eine wichtige Rolle. Beispielsweise wirken die Mikron\u00e4hrstoffe als Co-Faktoren f\u00fcr Enzyme, sind also f\u00fcr die Aktivierung von Enzymen von Bedeutung. <\/p>\n\n\n\n<p><strong>Die Produktfamilie atres c-plus zeichnet sich aus durch<\/strong><\/p>\n\n\n\n<ul class=\"wp-block-list\"><li>individuelle, auf den Anwendungsfall abgestimmte Formulierungen,<\/li><li>eine hohe biologische Verf\u00fcgbarkeit durch wasserl\u00f6sliche Verbindungen,<\/li><li>einen Schutz vor unerw\u00fcnschten F\u00e4llungsreaktionen durch organische Spurenelement-Chelatkomplexe,<\/li><li>eine exakte Dosierung durch die fl\u00fcssige Produktform,<\/li><li>kompetente Beratung und analytische Begleitung,<\/li><li>\u00dcberwachung durch chemische Analysen im Labor,<\/li><li>Zulassung nach D\u00fcngemittelverordnung,<\/li><li>ihre \u00fcberpr\u00fcfte Funktionalit\u00e4t.<\/li><\/ul>\n\n\n\n<p>Einsatzorte:<\/p>\n\n\n\n<ul class=\"wp-block-list\"><li>Bel\u00fcftete Misch- und Ausgleichsbecken,<\/li><li>Biogasanlagen\/Anaerobanlagen, UASB, EGSB,<\/li><li>Belebtschlammverfahren,<\/li><\/ul>\n\n\n\n<p>Die Produkte sind umweltfreundlich und anwenderfreundlich.<\/p>\n","protected":false},"excerpt":{"rendered":"<p>St\u00f6rungen der Stoffwechselvorg\u00e4nge der Mikroorganismen bedeuten St\u00f6rungen im Abbau der organischen Substanzen im Abwasser oder Faulschlamm. Mit der Produktreihe atres c plus erhalten Sie fl\u00fcssige Formulierungen essentieller Mikron\u00e4hrstoffe. Wirkung bei regelm\u00e4\u00dfiger Dosierung: Verhindern den Schlammabtrieb\/Verlust von Pellets, z.B. UASB, EGSB. Verbessern die Ablaufwerte, Erh\u00f6hen den Biogasertrag, Stabilisieren die Prozesse, Reduzieren den Wartungsaufwand. Mikrobiologische Umsetzungen erfordern &hellip; <a href=\"http:\/\/abwasser-reinigung.com\/?page_id=26\" class=\"more-link\"><span class=\"screen-reader-text\">\u201ec plus &#8211; essentielle Mikron\u00e4hrstoffe\u201c<\/span> weiterlesen<\/a><\/p>\n","protected":false},"author":1,"featured_media":0,"parent":131,"menu_order":3,"comment_status":"closed","ping_status":"closed","template":"","meta":{"footnotes":""},"class_list":["post-26","page","type-page","status-publish","hentry"],"_links":{"self":[{"href":"http:\/\/abwasser-reinigung.com\/index.php?rest_route=\/wp\/v2\/pages\/26","targetHints":{"allow":["GET"]}}],"collection":[{"href":"http:\/\/abwasser-reinigung.com\/index.php?rest_route=\/wp\/v2\/pages"}],"about":[{"href":"http:\/\/abwasser-reinigung.com\/index.php?rest_route=\/wp\/v2\/types\/page"}],"author":[{"embeddable":true,"href":"http:\/\/abwasser-reinigung.com\/index.php?rest_route=\/wp\/v2\/users\/1"}],"replies":[{"embeddable":true,"href":"http:\/\/abwasser-reinigung.com\/index.php?rest_route=%2Fwp%2Fv2%2Fcomments&post=26"}],"version-history":[{"count":5,"href":"http:\/\/abwasser-reinigung.com\/index.php?rest_route=\/wp\/v2\/pages\/26\/revisions"}],"predecessor-version":[{"id":237,"href":"http:\/\/abwasser-reinigung.com\/index.php?rest_route=\/wp\/v2\/pages\/26\/revisions\/237"}],"up":[{"embeddable":true,"href":"http:\/\/abwasser-reinigung.com\/index.php?rest_route=\/wp\/v2\/pages\/131"}],"wp:attachment":[{"href":"http:\/\/abwasser-reinigung.com\/index.php?rest_route=%2Fwp%2Fv2%2Fmedia&parent=26"}],"curies":[{"name":"wp","href":"https:\/\/api.w.org\/{rel}","templated":true}]}}