{"id":34,"date":"2019-04-03T12:26:14","date_gmt":"2019-04-03T10:26:14","guid":{"rendered":"http:\/\/abwasser-reinigung.com\/?page_id=34"},"modified":"2024-07-03T17:14:54","modified_gmt":"2024-07-03T15:14:54","slug":"unternehmen","status":"publish","type":"page","link":"http:\/\/abwasser-reinigung.com\/?page_id=34","title":{"rendered":"Unternehmen"},"content":{"rendered":"\n<p>Die atres solutions ist ein inhabergef\u00fchrtes, unabh\u00e4ngiges Unternehmen, das seit dem Jahr 2018 professionelle Zusatzstoffe f\u00fcr die biologische Behandlung von Abw\u00e4ssern entwickelt. <\/p>\n\n\n\n<p>Unsere internationalen Kunden aus Gewerbe und Industrie unterst\u00fctzen und beraten wir f\u00fcr einee effektive Anwendung unserer Produkte.<\/p>\n\n\n\n<p class=\"has-medium-font-size\"><strong>Unsere Produkte:<\/strong>  <\/p>\n\n\n\n<ul class=\"wp-block-list\">\n<li><strong>atres EXodeur<\/strong> &#8211; mikrobiologische Kraftwerke. <\/li>\n\n\n\n<li> <strong>atres ZYmix<\/strong> &#8211; biochemische Katalysatoren.<\/li>\n\n\n\n<li><strong>atres c plus<\/strong> &#8211; essentielle Mikron\u00e4hrstoffe. <\/li>\n<\/ul>\n\n\n\n<p><strong>Unsere Dienstleistungen:<\/strong><\/p>\n\n\n\n<ul class=\"wp-block-list\">\n<li><strong>Laborservice<\/strong> &#8211; Abwasseruntersuchung und Bestandsaufnahme.<\/li>\n\n\n\n<li> <strong>Beratung<\/strong> &#8211; Einsatzberatung und Optimierung. <\/li>\n<\/ul>\n\n\n\n<pre class=\"wp-block-preformatted\">In Zusammenarbeit mit <em><a href=\"http:\/\/www.atres-group.com\" target=\"_blank\" rel=\"noreferrer noopener\" aria-label=\"atres - Labor- und Beratungsdienstleistungen. (\u00f6ffnet in neuem Tab)\">atres - Labor- und Beratungsdienstleistungen.<\/a><\/em><br><\/pre>\n","protected":false},"excerpt":{"rendered":"<p>Die atres solutions ist ein inhabergef\u00fchrtes, unabh\u00e4ngiges Unternehmen, das seit dem Jahr 2018 professionelle Zusatzstoffe f\u00fcr die biologische Behandlung von Abw\u00e4ssern entwickelt. Unsere internationalen Kunden aus Gewerbe und Industrie unterst\u00fctzen und beraten wir f\u00fcr einee effektive Anwendung unserer Produkte. Unsere Produkte: Unsere Dienstleistungen: In Zusammenarbeit mit atres &#8211; Labor- und Beratungsdienstleistungen.<\/p>\n","protected":false},"author":1,"featured_media":0,"parent":0,"menu_order":2,"comment_status":"closed","ping_status":"closed","template":"","meta":{"footnotes":""},"class_list":["post-34","page","type-page","status-publish","hentry"],"_links":{"self":[{"href":"http:\/\/abwasser-reinigung.com\/index.php?rest_route=\/wp\/v2\/pages\/34","targetHints":{"allow":["GET"]}}],"collection":[{"href":"http:\/\/abwasser-reinigung.com\/index.php?rest_route=\/wp\/v2\/pages"}],"about":[{"href":"http:\/\/abwasser-reinigung.com\/index.php?rest_route=\/wp\/v2\/types\/page"}],"author":[{"embeddable":true,"href":"http:\/\/abwasser-reinigung.com\/index.php?rest_route=\/wp\/v2\/users\/1"}],"replies":[{"embeddable":true,"href":"http:\/\/abwasser-reinigung.com\/index.php?rest_route=%2Fwp%2Fv2%2Fcomments&post=34"}],"version-history":[{"count":29,"href":"http:\/\/abwasser-reinigung.com\/index.php?rest_route=\/wp\/v2\/pages\/34\/revisions"}],"predecessor-version":[{"id":245,"href":"http:\/\/abwasser-reinigung.com\/index.php?rest_route=\/wp\/v2\/pages\/34\/revisions\/245"}],"wp:attachment":[{"href":"http:\/\/abwasser-reinigung.com\/index.php?rest_route=%2Fwp%2Fv2%2Fmedia&parent=34"}],"curies":[{"name":"wp","href":"https:\/\/api.w.org\/{rel}","templated":true}]}}